{"id":7044,"date":"2022-06-17T19:17:50","date_gmt":"2022-06-17T19:17:50","guid":{"rendered":"https:\/\/dragonwales.co.uk\/ein-treftadaeth\/"},"modified":"2022-10-31T09:00:36","modified_gmt":"2022-10-31T09:00:36","slug":"ein-treftadaeth","status":"publish","type":"page","link":"https:\/\/dragonwales.co.uk\/cy\/ein-treftadaeth\/","title":{"rendered":"Ein Treftadaeth"},"content":{"rendered":"\t\t<div data-elementor-type=\"wp-page\" data-elementor-id=\"7044\" class=\"elementor elementor-7044 elementor-6970\" data-elementor-post-type=\"page\">\n\t\t\t\t\t\t<section class=\"elementor-section elementor-top-section elementor-element elementor-element-923962f elementor-section-boxed elementor-section-height-default elementor-section-height-default\" data-id=\"923962f\" data-element_type=\"section\" data-e-type=\"section\">\n\t\t\t\t\t\t<div class=\"elementor-container elementor-column-gap-default\">\n\t\t\t\t\t<div class=\"elementor-column elementor-col-100 elementor-top-column elementor-element elementor-element-c6e66d6\" data-id=\"c6e66d6\" data-element_type=\"column\" data-e-type=\"column\">\n\t\t\t<div class=\"elementor-widget-wrap elementor-element-populated\">\n\t\t\t\t\t\t<div data-dce-title-color=\"#FFFFFF\" class=\"elementor-element elementor-element-7b756df elementor-headline--style-highlight elementor-widget elementor-widget-animated-headline\" data-id=\"7b756df\" data-element_type=\"widget\" data-e-type=\"widget\" data-settings=\"{&quot;marker&quot;:&quot;underline&quot;,&quot;highlighted_text&quot;:&quot;Treftadaeth&quot;,&quot;headline_style&quot;:&quot;highlight&quot;,&quot;loop&quot;:&quot;yes&quot;,&quot;highlight_animation_duration&quot;:1200,&quot;highlight_iteration_delay&quot;:8000}\" data-widget_type=\"animated-headline.default\">\n\t\t\t\t<div class=\"elementor-widget-container\">\n\t\t\t\t\t\t\t<h3 class=\"elementor-headline\">\n\t\t\t\t\t<span class=\"elementor-headline-plain-text elementor-headline-text-wrapper\">Ein<\/span>\n\t\t\t\t<span class=\"elementor-headline-dynamic-wrapper elementor-headline-text-wrapper\">\n\t\t\t\t\t<span class=\"elementor-headline-dynamic-text elementor-headline-text-active\">Treftadaeth<\/span>\n\t\t\t\t<\/span>\n\t\t\t\t<\/h3>\n\t\t\t\t\t\t<\/div>\n\t\t\t\t<\/div>\n\t\t\t\t\t<\/div>\n\t\t<\/div>\n\t\t\t\t\t<\/div>\n\t\t<\/section>\n\t\t\t\t<section class=\"elementor-section elementor-top-section elementor-element elementor-element-fbb260a elementor-section-boxed elementor-section-height-default elementor-section-height-default\" data-id=\"fbb260a\" data-element_type=\"section\" data-e-type=\"section\">\n\t\t\t\t\t\t<div class=\"elementor-container elementor-column-gap-default\">\n\t\t\t\t\t<div class=\"elementor-column elementor-col-100 elementor-top-column elementor-element elementor-element-99f20ad\" data-id=\"99f20ad\" data-element_type=\"column\" data-e-type=\"column\">\n\t\t\t<div class=\"elementor-widget-wrap elementor-element-populated\">\n\t\t\t\t\t\t<div class=\"elementor-element elementor-element-a2ee0bb elementor-widget elementor-widget-timeline-widget-addon\" data-id=\"a2ee0bb\" data-element_type=\"widget\" data-e-type=\"widget\" data-widget_type=\"timeline-widget-addon.default\">\n\t\t\t\t<div class=\"elementor-widget-container\">\n\t\t\t\t\t<!-- ========= Timeline Widget Addon For Elementor 1.6.23 ========= -->\n<div id=\"twae-wrapper-a2ee0bb\" class=\"twae-vertical twae-wrapper  twae-both-sided\">   \n    <div class=\"twae-start\"><\/div>    \n    <div id=\"twea-timeline-a2ee0bb\" class=\"twae-timeline\" ><!-- Start of Story Repeater Content --><div id=\"story-9465d86\" class=\"twae-story twae-repeater-item twae-story-right twae-story-no-icon\"><!-- Story Label --><div class=\"twae-labels\"><div class=\"twae-label-big\">1938<\/div><div class=\"twae-label-small\">Ar y 10fed o Ionawr 1938, daeth y llwyth cyntaf (394 galwyn) o laeth i'r hufenfa.<\/div><\/div><!-- Story Icon --><div class=\"twae-icon\"><i aria-hidden=\"true\" class=\"far fa-arrow-alt-circle-left\"><\/i><\/div><!-- Story Arrow --><div class=\"twae-arrow\"><\/div><!-- Start of Story Content --><div class=\"twae-content\"><!-- Story Title --><div class=\"twae-title\">Hufenfa yn cael ei Sefydlu<\/div><!-- Story Image --><div class=\"twae-media medium_large\"><img fetchpriority=\"high\" decoding=\"async\" width=\"575\" height=\"522\" src=\"https:\/\/dragonwales.co.uk\/wp-content\/uploads\/2022\/07\/Mr-J-O-Roberts-e1658831423357.jpg\" class=\"attachment-medium_large size-medium_large\" alt=\"\" srcset=\"https:\/\/dragonwales.co.uk\/wp-content\/uploads\/2022\/07\/Mr-J-O-Roberts-e1658831423357.jpg 575w, https:\/\/dragonwales.co.uk\/wp-content\/uploads\/2022\/07\/Mr-J-O-Roberts-e1658831423357-300x272.jpg 300w\" sizes=\"(max-width: 575px) 100vw, 575px\" \/><\/div><!-- Story Description --><div class=\"twae-description\"><p>Mae hanes Dragon yn mynd yn ol i 1938 pan oedd gan John Owen Roberts weledigaeth i weld ffermwyr llaeth yn gweithio gyda'i gilydd er mwyn gallu marchnata cynnyrch eu hunain <\/p> <p>  Dewiswyd lleoliad i\u2019r hufenfa yn ofalus. Cafodd Rhydygwystl ei ddewis oherwydd ei fod yn hwylus rhwng Llyn ac Eifionydd, a bod y ddwy ardal bryd hynny, ac heddiw yn nodweddiadol am dyfu porfa o safon, yn sgil y gwynt ysgafn o ffrydiau gwlff yr Iwerydd. <\/p><\/div><\/div><\/div><!-- Start of Story Repeater Content --><div id=\"story-56e594e\" class=\"twae-story twae-repeater-item twae-story-left twae-story-no-icon\"><!-- Story Label --><div class=\"twae-labels\"><div class=\"twae-label-big\">1940<\/div><div class=\"twae-label-small\">Mewn ychydig dros flwyddyn fe gynyddodd yr aelodaeth o 63 i 196 o Ffermwyr Cymreig. Erbyn 1940 roedd 465 o aelodau gyda 15 o weithwyr yn ychwanegol yn yr hufenfa. Roedd busnes yn mynd yn dda!<\/div><\/div><!-- Story Icon --><div class=\"twae-icon\"><i aria-hidden=\"true\" class=\"far fa-arrow-alt-circle-right\"><\/i><\/div><!-- Story Arrow --><div class=\"twae-arrow\"><\/div><!-- Start of Story Content --><div class=\"twae-content\"><!-- Story Title --><div class=\"twae-title\">Aelodaeth o 465<\/div><!-- Story Image --><div class=\"twae-media large\"><img decoding=\"async\" width=\"1024\" height=\"599\" src=\"https:\/\/dragonwales.co.uk\/wp-content\/uploads\/2022\/07\/Picture9-1024x599.jpg\" class=\"attachment-large size-large\" alt=\"\" srcset=\"https:\/\/dragonwales.co.uk\/wp-content\/uploads\/2022\/07\/Picture9-1024x599.jpg 1024w, https:\/\/dragonwales.co.uk\/wp-content\/uploads\/2022\/07\/Picture9-300x176.jpg 300w, https:\/\/dragonwales.co.uk\/wp-content\/uploads\/2022\/07\/Picture9-768x450.jpg 768w, https:\/\/dragonwales.co.uk\/wp-content\/uploads\/2022\/07\/Picture9-1536x899.jpg 1536w, https:\/\/dragonwales.co.uk\/wp-content\/uploads\/2022\/07\/Picture9-2048x1199.jpg 2048w, https:\/\/dragonwales.co.uk\/wp-content\/uploads\/2022\/07\/Picture9-600x351.jpg 600w\" sizes=\"(max-width: 1024px) 100vw, 1024px\" \/><\/div><\/div><\/div><!-- Start of Story Repeater Content --><div id=\"story-90d9619\" class=\"twae-story twae-repeater-item twae-story-right twae-story-no-icon\"><!-- Story Label --><div class=\"twae-labels\"><div class=\"twae-label-big\">1941<\/div><div class=\"twae-label-small\">Gwerthwyd yr holl laeth a dderbyniwyd yn yr hufenfa i'r farchnad hylif ar gais y Weinyddiaeth Fwyd oherwydd yr Ail Ryfel Byd.<\/div><\/div><!-- Story Icon --><div class=\"twae-icon\"><i aria-hidden=\"true\" class=\"far fa-arrow-alt-circle-left\"><\/i><\/div><!-- Story Arrow --><div class=\"twae-arrow\"><\/div><!-- Start of Story Content --><div class=\"twae-content\"><!-- Story Title --><div class=\"twae-title\">Yn ystod y Rhyfel<\/div><!-- Story Image --><div class=\"twae-media large\"><img decoding=\"async\" width=\"1024\" height=\"659\" src=\"https:\/\/dragonwales.co.uk\/wp-content\/uploads\/2022\/07\/IMG_6963-e1658828632803-1024x659.jpg\" class=\"attachment-large size-large\" alt=\"\" srcset=\"https:\/\/dragonwales.co.uk\/wp-content\/uploads\/2022\/07\/IMG_6963-e1658828632803-1024x659.jpg 1024w, https:\/\/dragonwales.co.uk\/wp-content\/uploads\/2022\/07\/IMG_6963-e1658828632803-300x193.jpg 300w, https:\/\/dragonwales.co.uk\/wp-content\/uploads\/2022\/07\/IMG_6963-e1658828632803-768x494.jpg 768w, https:\/\/dragonwales.co.uk\/wp-content\/uploads\/2022\/07\/IMG_6963-e1658828632803-1536x988.jpg 1536w, https:\/\/dragonwales.co.uk\/wp-content\/uploads\/2022\/07\/IMG_6963-e1658828632803-600x386.jpg 600w, https:\/\/dragonwales.co.uk\/wp-content\/uploads\/2022\/07\/IMG_6963-e1658828632803.jpg 1879w\" sizes=\"(max-width: 1024px) 100vw, 1024px\" \/><\/div><!-- Story Description --><div class=\"twae-description\"><p> Pob dydd yn ystod yr Ail Ryfel Byd roedd llefrith yn cael ei cludo mewn caniau llaeth ar dren o Chwilog i drefi Gogledd Orllewin Lloegr. Rhoddodd hyn hwb mawr oedd ei angen i'r Hufenfa a dosbarthwyd yr elw ychwanegol a gynhyrchwyd fel taliadau bonws i'w haelodau. <\/p><\/div><\/div><\/div><!-- Start of Story Repeater Content --><div id=\"story-b23d83f\" class=\"twae-story twae-repeater-item twae-story-left twae-story-no-icon\"><!-- Story Label --><div class=\"twae-labels\"><div class=\"twae-label-big\">1959<\/div><div class=\"twae-label-small\">Ar y 1af o Ebrill 1959 fe agorwyd yr uned cynhyrchu caws.<\/div><\/div><!-- Story Icon --><div class=\"twae-icon\"><i aria-hidden=\"true\" class=\"far fa-arrow-alt-circle-right\"><\/i><\/div><!-- Story Arrow --><div class=\"twae-arrow\"><\/div><!-- Start of Story Content --><div class=\"twae-content\"><!-- Story Title --><div class=\"twae-title\">Ehangu i gynhyrchu caws<\/div><!-- Story Image --><div class=\"twae-media large\"><img loading=\"lazy\" decoding=\"async\" width=\"605\" height=\"398\" src=\"https:\/\/dragonwales.co.uk\/wp-content\/uploads\/2022\/07\/reference6J9UTPN8.jpg\" class=\"attachment-large size-large\" alt=\"\" srcset=\"https:\/\/dragonwales.co.uk\/wp-content\/uploads\/2022\/07\/reference6J9UTPN8.jpg 605w, https:\/\/dragonwales.co.uk\/wp-content\/uploads\/2022\/07\/reference6J9UTPN8-300x197.jpg 300w, https:\/\/dragonwales.co.uk\/wp-content\/uploads\/2022\/07\/reference6J9UTPN8-600x395.jpg 600w\" sizes=\"(max-width: 605px) 100vw, 605px\" \/><\/div><!-- Story Description --><div class=\"twae-description\"><p>Cyrhaeddodd cynhyrchiant llaeth ei lefel uchaf erioed a phenderfynwyd ar ddiwedd y 1950au y byddai caws yn opsiwn da i'r llaeth dros ben.<\/p> <p>Dechreuodd y safle gynhyrchu yn 1959 gan greu'r brand 'Caws Ll\u0177n'. Profodd hwn yn frand poblogaidd sy'n dal i gael ei gydnabod yn lleol heddiw.<\/p><\/div><\/div><\/div><!-- Start of Story Repeater Content --><div id=\"story-03c29c6\" class=\"twae-story twae-repeater-item twae-story-right twae-story-no-icon\"><!-- Story Label --><div class=\"twae-labels\"><div class=\"twae-label-big\">1968<\/div><div class=\"twae-label-small\">Gwnaed y casgliad cyntaf o laeth gan ddefnyddio tancer swmp.<\/div><\/div><!-- Story Icon --><div class=\"twae-icon\"><i aria-hidden=\"true\" class=\"far fa-arrow-alt-circle-left\"><\/i><\/div><!-- Story Arrow --><div class=\"twae-arrow\"><\/div><!-- Start of Story Content --><div class=\"twae-content\"><!-- Story Title --><div class=\"twae-title\">Tancer Llaeth<\/div><!-- Story Image --><div class=\"twae-media large\"><img loading=\"lazy\" decoding=\"async\" width=\"960\" height=\"720\" src=\"https:\/\/dragonwales.co.uk\/wp-content\/uploads\/2022\/07\/19149229_303846120068069_408609743472795807_n.jpg\" class=\"attachment-large size-large\" alt=\"\" srcset=\"https:\/\/dragonwales.co.uk\/wp-content\/uploads\/2022\/07\/19149229_303846120068069_408609743472795807_n.jpg 960w, https:\/\/dragonwales.co.uk\/wp-content\/uploads\/2022\/07\/19149229_303846120068069_408609743472795807_n-300x225.jpg 300w, https:\/\/dragonwales.co.uk\/wp-content\/uploads\/2022\/07\/19149229_303846120068069_408609743472795807_n-768x576.jpg 768w, https:\/\/dragonwales.co.uk\/wp-content\/uploads\/2022\/07\/19149229_303846120068069_408609743472795807_n-600x450.jpg 600w\" sizes=\"(max-width: 960px) 100vw, 960px\" \/><\/div><\/div><\/div><!-- Start of Story Repeater Content --><div id=\"story-1d29d01\" class=\"twae-story twae-repeater-item twae-story-left twae-story-no-icon\"><!-- Story Label --><div class=\"twae-labels\"><div class=\"twae-label-big\">1970<\/div><div class=\"twae-label-small\">Ym 1970 derbyniodd John Owen Roberts MBE am ei gyfraniad amhrisiadwy i ddiwydiant llaeth Cymru.<\/div><\/div><!-- Story Icon --><div class=\"twae-icon\"><i aria-hidden=\"true\" class=\"far fa-arrow-alt-circle-right\"><\/i><\/div><!-- Story Arrow --><div class=\"twae-arrow\"><\/div><!-- Start of Story Content --><div class=\"twae-content\"><!-- Story Title --><div class=\"twae-title\">Derbyniodd J.O.Roberts ei MBE<\/div><!-- Story Image --><div class=\"twae-media large\"><img loading=\"lazy\" decoding=\"async\" width=\"1024\" height=\"720\" src=\"https:\/\/dragonwales.co.uk\/wp-content\/uploads\/2022\/07\/Picture13-1024x720.jpg\" class=\"attachment-large size-large\" alt=\"\" srcset=\"https:\/\/dragonwales.co.uk\/wp-content\/uploads\/2022\/07\/Picture13-1024x720.jpg 1024w, https:\/\/dragonwales.co.uk\/wp-content\/uploads\/2022\/07\/Picture13-300x211.jpg 300w, https:\/\/dragonwales.co.uk\/wp-content\/uploads\/2022\/07\/Picture13-768x540.jpg 768w, https:\/\/dragonwales.co.uk\/wp-content\/uploads\/2022\/07\/Picture13-1536x1081.jpg 1536w, https:\/\/dragonwales.co.uk\/wp-content\/uploads\/2022\/07\/Picture13-2048x1441.jpg 2048w, https:\/\/dragonwales.co.uk\/wp-content\/uploads\/2022\/07\/Picture13-600x422.jpg 600w\" sizes=\"(max-width: 1024px) 100vw, 1024px\" \/><\/div><!-- Story Description --><div class=\"twae-description\">Add Description Here<\/div><\/div><\/div><!-- Start of Story Repeater Content --><div id=\"story-aceeec1\" class=\"twae-story twae-repeater-item twae-story-right twae-story-no-icon\"><!-- Story Label --><div class=\"twae-labels\"><div class=\"twae-label-big\">2004<\/div><div class=\"twae-label-small\">Lawnsiwyd y brand Dragon.<\/div><\/div><!-- Story Icon --><div class=\"twae-icon\"><i aria-hidden=\"true\" class=\"far fa-arrow-alt-circle-left\"><\/i><\/div><!-- Story Arrow --><div class=\"twae-arrow\"><\/div><!-- Start of Story Content --><div class=\"twae-content\"><!-- Story Title --><div class=\"twae-title\">Lawnsio y brand Dragon.<\/div><!-- Story Image --><div class=\"twae-media large\"><img loading=\"lazy\" decoding=\"async\" width=\"1024\" height=\"645\" src=\"https:\/\/dragonwales.co.uk\/wp-content\/uploads\/2022\/07\/Group-01-WEB-RES-scaled-e1658838229113-1024x645.jpg\" class=\"attachment-large size-large\" alt=\"\" srcset=\"https:\/\/dragonwales.co.uk\/wp-content\/uploads\/2022\/07\/Group-01-WEB-RES-scaled-e1658838229113-1024x645.jpg 1024w, https:\/\/dragonwales.co.uk\/wp-content\/uploads\/2022\/07\/Group-01-WEB-RES-scaled-e1658838229113-300x189.jpg 300w, https:\/\/dragonwales.co.uk\/wp-content\/uploads\/2022\/07\/Group-01-WEB-RES-scaled-e1658838229113-768x484.jpg 768w, https:\/\/dragonwales.co.uk\/wp-content\/uploads\/2022\/07\/Group-01-WEB-RES-scaled-e1658838229113-1536x968.jpg 1536w, https:\/\/dragonwales.co.uk\/wp-content\/uploads\/2022\/07\/Group-01-WEB-RES-scaled-e1658838229113-2048x1290.jpg 2048w, https:\/\/dragonwales.co.uk\/wp-content\/uploads\/2022\/07\/Group-01-WEB-RES-scaled-e1658838229113-600x378.jpg 600w\" sizes=\"(max-width: 1024px) 100vw, 1024px\" \/><\/div><!-- Story Description --><div class=\"twae-description\"><p>Yn 2004 ail-frandiodd yr hufenfa eu cynnyrch cheddar gan lawnsio y brand 'Dragon' sy'n adnabyddus heddiw.&nbsp;&nbsp;<\/p><\/div><\/div><\/div><!-- Start of Story Repeater Content --><div id=\"story-e88936f\" class=\"twae-story twae-repeater-item twae-story-left twae-story-no-icon\"><!-- Story Label --><div class=\"twae-labels\"><div class=\"twae-label-big\">2015<\/div><div class=\"twae-label-small\">Yn 2015 fe wnaethom ehangu ein dewis cynnyrch Dragon i gynnwys ein Cawsiau wedi'u gwneud \u00e2 llaw. Gan gydweithio gyda chwmn\u00efau o Gymru mae'r amrediad yn cynnwys Cheddar Cymreig o Geudwll Llechi, Cheddar Halen M\u00f4n Aeddfed, a Cheddar Wisgi Penderyn. <\/div><\/div><!-- Story Icon --><div class=\"twae-icon\"><i aria-hidden=\"true\" class=\"far fa-arrow-alt-circle-right\"><\/i><\/div><!-- Story Arrow --><div class=\"twae-arrow\"><\/div><!-- Start of Story Content --><div class=\"twae-content\"><!-- Story Title --><div class=\"twae-title\">Cynnyrch newydd, Wedi'i wneud a Llaw, Dragon.<\/div><!-- Story Image --><div class=\"twae-media large\"><img loading=\"lazy\" decoding=\"async\" width=\"1000\" height=\"751\" src=\"https:\/\/dragonwales.co.uk\/wp-content\/uploads\/2022\/07\/LifestylePackshotGroup_1a_LR.jpg\" class=\"attachment-large size-large\" alt=\"\" srcset=\"https:\/\/dragonwales.co.uk\/wp-content\/uploads\/2022\/07\/LifestylePackshotGroup_1a_LR.jpg 1000w, https:\/\/dragonwales.co.uk\/wp-content\/uploads\/2022\/07\/LifestylePackshotGroup_1a_LR-300x225.jpg 300w, https:\/\/dragonwales.co.uk\/wp-content\/uploads\/2022\/07\/LifestylePackshotGroup_1a_LR-768x577.jpg 768w, https:\/\/dragonwales.co.uk\/wp-content\/uploads\/2022\/07\/LifestylePackshotGroup_1a_LR-600x451.jpg 600w\" sizes=\"(max-width: 1000px) 100vw, 1000px\" \/><\/div><!-- Story Description --><div class=\"twae-description\"><p>Cawsiau wedi'u gwneud \u00e2 llaw (Ch-Dd Cheddar Cymreig o Geudwll, Cheddar Aeddfed wedi ei Gochi, Cheddar Aeddfed gyda Halen Mor Halen Mon a Cheddar Cymreig o Geudwll gyda Wisgi Penderyn).<\/p><\/div><\/div><\/div><\/div>\n    <div class=\"twae-end\"><\/div>\n    <\/div><style type=\"text\/css\">.elementor-7044 .elementor-element.elementor-element-a2ee0bb .twae-wrapper.twae-vertical .twae-story{margin-bottom:60px!important}.elementor-7044 .elementor-element.elementor-element-a2ee0bb .twae-wrapper{--tw-cbx-title-color:#FFFFFF;}.elementor-7044 .elementor-element.elementor-element-a2ee0bb .twae-wrapper{--tw-lbl-small-color:#FFFFFF;}.elementor-7044 .elementor-element.elementor-element-a2ee0bb .twae-wrapper{--tw-cbx-des-color:#FFFFFF;}.elementor-7044 .elementor-element.elementor-element-a2ee0bb .twae-wrapper{--tw-cbx-bg:#101216}.elementor-7044 .elementor-element.elementor-element-a2ee0bb .twae-title{font-family:Delimax;font-size:24px;font-weight:normal;}.elementor-7044 .elementor-element.elementor-element-a2ee0bb .twae-label-big{font-family:Open Sans Condensed;font-size:37px;font-weight:600;text-transform:uppercase;letter-spacing:-0.5px;}.elementor-7044 .elementor-element.elementor-element-a2ee0bb .twae-wrapper{--tw-lbl-big-size:37px}.elementor-7044 .elementor-element.elementor-element-a2ee0bb .twae-label-small{font-size:18px;}.elementor-7044 .elementor-element.elementor-element-a2ee0bb .twae-wrapper{--tw-lbl-small-size:18px}.elementor-7044 .elementor-element.elementor-element-a2ee0bb .twae-description{font-family:Open Sans;font-size:14px;font-weight:400;line-height:1.2em;}@media (max-width: 1024px){ .twae-wrapper{--tw-ybx-size: 80px !important;}}@media (max-width: 767px){ .twae-wrapper{--tw-ybx-size: 80px !important}}<\/style>\t\t\t\t<\/div>\n\t\t\t\t<\/div>\n\t\t\t\t\t<\/div>\n\t\t<\/div>\n\t\t\t\t\t<\/div>\n\t\t<\/section>\n\t\t\t\t<\/div>\n\t\t","protected":false},"excerpt":{"rendered":"<p>Ein Treftadaeth 1938Ar y 10fed o Ionawr 1938, daeth y llwyth cyntaf (394 galwyn) o laeth i&#8217;r hufenfa.Hufenfa yn cael ei Sefydlu Mae hanes Dragon yn mynd yn ol i 1938 pan oedd gan John Owen Roberts weledigaeth i weld ffermwyr llaeth yn gweithio gyda&#8217;i gilydd er mwyn gallu marchnata cynnyrch eu hunain Dewiswyd lleoliad [&hellip;]<\/p>\n","protected":false},"author":1,"featured_media":0,"parent":0,"menu_order":8,"comment_status":"closed","ping_status":"closed","template":"elementor_header_footer","meta":{"_acf_changed":false,"footnotes":""},"class_list":["post-7044","page","type-page","status-publish","hentry"],"acf":[],"_links":{"self":[{"href":"https:\/\/dragonwales.co.uk\/cy\/wp-json\/wp\/v2\/pages\/7044","targetHints":{"allow":["GET"]}}],"collection":[{"href":"https:\/\/dragonwales.co.uk\/cy\/wp-json\/wp\/v2\/pages"}],"about":[{"href":"https:\/\/dragonwales.co.uk\/cy\/wp-json\/wp\/v2\/types\/page"}],"author":[{"embeddable":true,"href":"https:\/\/dragonwales.co.uk\/cy\/wp-json\/wp\/v2\/users\/1"}],"replies":[{"embeddable":true,"href":"https:\/\/dragonwales.co.uk\/cy\/wp-json\/wp\/v2\/comments?post=7044"}],"version-history":[{"count":0,"href":"https:\/\/dragonwales.co.uk\/cy\/wp-json\/wp\/v2\/pages\/7044\/revisions"}],"wp:attachment":[{"href":"https:\/\/dragonwales.co.uk\/cy\/wp-json\/wp\/v2\/media?parent=7044"}],"curies":[{"name":"wp","href":"https:\/\/api.w.org\/{rel}","templated":true}]}}